{"id":19,"date":"2017-01-16T20:45:47","date_gmt":"2017-01-16T19:45:47","guid":{"rendered":"http:\/\/lepetitpanda.fr\/?page_id=19"},"modified":"2021-06-18T15:43:51","modified_gmt":"2021-06-18T13:43:51","slug":"contact","status":"publish","type":"page","link":"https:\/\/www.latelierdesarchers.fr\/index.php\/contact\/","title":{"rendered":"Contact"},"content":{"rendered":"\n<p>Une question, une proposition ?<br><\/p>\n\n\n\n<p>N\u2019h\u00e9sitez pas \u00e0 nous contacter \u00e0 l\u2019aide du formulaire ci-dessous. Nous reviendrons vers vous d\u00e8s que possible.<\/p>\n\n\n\n<p><\/p>\n\n\n<div data-test='contact-form' id='contact-form-19' class='wp-block-jetpack-contact-form-container '>\n<form action='https:\/\/www.latelierdesarchers.fr\/index.php\/contact\/#contact-form-19' method='post' class='contact-form commentsblock'>\n<script>\n\t\t\t( function () {\n\t\t\t\tconst contact_forms = document.getElementsByClassName('contact-form');\n\n\t\t\t\tfor ( const form of contact_forms ) {\n\t\t\t\t\tform.onsubmit = function() {\n\t\t\t\t\t\tconst buttons = form.getElementsByTagName('button');\n\n\t\t\t\t\t\tfor( const button of buttons ) {\n\t\t\t\t\t\t\tbutton.setAttribute('disabled', true);\n\t\t\t\t\t\t}\n\t\t\t\t\t}\n\t\t\t\t}\n\t\t\t} )();\n\t\t<\/script>\n<div class='grunion-field-wrap grunion-field-name-wrap'  >\n<label\n\t\t\t\tfor='g19-prnometnom'\n\t\t\t\tclass='grunion-field-label name'\n\t\t\t\t>Pr\u00e9nom et nom<span>(obligatoire)<\/span><\/label>\n<input\n\t\t\t\t\ttype='text'\n\t\t\t\t\tname='g19-prnometnom'\n\t\t\t\t\tid='g19-prnometnom'\n\t\t\t\t\tvalue=''\n\t\t\t\t\tclass='name' \n\t\t\t\t\trequired aria-required='true' \/>\n\t<\/div>\n\n<div class='grunion-field-wrap grunion-field-email-wrap'  >\n<label\n\t\t\t\tfor='g19-email'\n\t\t\t\tclass='grunion-field-label email'\n\t\t\t\t>E-mail<span>(obligatoire)<\/span><\/label>\n<input\n\t\t\t\t\ttype='email'\n\t\t\t\t\tname='g19-email'\n\t\t\t\t\tid='g19-email'\n\t\t\t\t\tvalue=''\n\t\t\t\t\tclass='email' \n\t\t\t\t\trequired aria-required='true' \/>\n\t<\/div>\n\n<div class='grunion-field-wrap grunion-field-text-wrap'  >\n<label\n\t\t\t\tfor='g19-numrodetlphone'\n\t\t\t\tclass='grunion-field-label text'\n\t\t\t\t>Num\u00e9ro de t\u00e9l\u00e9phone<\/label>\n<input\n\t\t\t\t\ttype='text'\n\t\t\t\t\tname='g19-numrodetlphone'\n\t\t\t\t\tid='g19-numrodetlphone'\n\t\t\t\t\tvalue=''\n\t\t\t\t\tclass='text' \n\t\t\t\t\t \/>\n\t<\/div>\n\n<div class='grunion-field-wrap grunion-field-textarea-wrap'  >\n<label\n\t\t\t\tfor='contact-form-comment-g19-message'\n\t\t\t\tclass='grunion-field-label textarea'\n\t\t\t\t>Message<\/label>\n<textarea\n\t\t                name='g19-message'\n\t\t                id='contact-form-comment-g19-message'\n\t\t                rows='20' class='textarea'  ><\/textarea>\n\t<\/div>\n\t<p class='contact-submit'>\n\t\t<button type='submit' class='pushbutton-wide'>Envoyer<\/button>\t\t<input type='hidden' name='contact-form-id' value='19' \/>\n\t\t<input type='hidden' name='action' value='grunion-contact-form' \/>\n\t\t<input type='hidden' name='contact-form-hash' value='0528216b1aa0f59fb46d824b6b3d9b334a1b9113' \/>\n\t<\/p>\n<p style=\"display: none !important;\"><label>&#916;<textarea name=\"ak_hp_textarea\" cols=\"45\" rows=\"8\" maxlength=\"100\"><\/textarea><\/label><input type=\"hidden\" id=\"ak_js_1\" name=\"ak_js\" value=\"59\"\/><script>document.getElementById( \"ak_js_1\" ).setAttribute( \"value\", ( new Date() ).getTime() );<\/script><\/p><\/form>\n<\/div>\n<p><\/p>\n\n\n<p><\/p>\n","protected":false},"excerpt":{"rendered":"<p>Une question, une proposition ? N\u2019h\u00e9sitez pas \u00e0 nous contacter \u00e0 l\u2019aide du formulaire ci-dessous. Nous reviendrons vers vous d\u00e8s que possible.<\/p>\n","protected":false},"author":2,"featured_media":0,"parent":0,"menu_order":0,"comment_status":"closed","ping_status":"closed","template":"","meta":{"jetpack_post_was_ever_published":false,"footnotes":""},"class_list":["post-19","page","type-page","status-publish","hentry"],"jetpack_sharing_enabled":true,"jetpack_shortlink":"https:\/\/wp.me\/P9EPCf-j","_links":{"self":[{"href":"https:\/\/www.latelierdesarchers.fr\/index.php\/wp-json\/wp\/v2\/pages\/19","targetHints":{"allow":["GET"]}}],"collection":[{"href":"https:\/\/www.latelierdesarchers.fr\/index.php\/wp-json\/wp\/v2\/pages"}],"about":[{"href":"https:\/\/www.latelierdesarchers.fr\/index.php\/wp-json\/wp\/v2\/types\/page"}],"author":[{"embeddable":true,"href":"https:\/\/www.latelierdesarchers.fr\/index.php\/wp-json\/wp\/v2\/users\/2"}],"replies":[{"embeddable":true,"href":"https:\/\/www.latelierdesarchers.fr\/index.php\/wp-json\/wp\/v2\/comments?post=19"}],"version-history":[{"count":14,"href":"https:\/\/www.latelierdesarchers.fr\/index.php\/wp-json\/wp\/v2\/pages\/19\/revisions"}],"predecessor-version":[{"id":431,"href":"https:\/\/www.latelierdesarchers.fr\/index.php\/wp-json\/wp\/v2\/pages\/19\/revisions\/431"}],"wp:attachment":[{"href":"https:\/\/www.latelierdesarchers.fr\/index.php\/wp-json\/wp\/v2\/media?parent=19"}],"curies":[{"name":"wp","href":"https:\/\/api.w.org\/{rel}","templated":true}]}}